{"id":203,"date":"2023-09-05T15:18:31","date_gmt":"2023-09-05T15:18:31","guid":{"rendered":"https:\/\/www.talkbiblical.com\/?page_id=203"},"modified":"2023-09-07T09:35:47","modified_gmt":"2023-09-07T09:35:47","slug":"community-map","status":"publish","type":"page","link":"https:\/\/www.talkbiblical.com\/de\/community-map\/","title":{"rendered":"Community Karte"},"content":{"rendered":"<div class=\"open-user-map\">\n\n  \n  \n<div class=\"box-wrap map-size-default map-size-mobile-square\">\n  \n  <div class=\"map-wrap\">\n    <div id=\"map-20210929\" class=\"leaflet-map map-style_OpenStreetMap.Mapnik\"><\/div>\n    \n    \n        \n      \n      \n        <div id=\"open-add-location-overlay\" class=\"open-add-location-overlay\" style=\"background-color: #e02aaf\"><span class=\"btn_icon\">+<\/span><span class=\"btn_text\">Add location<\/span><\/div>\n\n      \n    \n    \n      <div class=\"oum-attribution\">made with <a href=\"https:\/\/www.open-user-map.com\/?ref=map\" title=\"Open User Map | Everybody can add locations\" target=\"_blank\">OUM<\/a><\/div>\n\n    \n    <script type=\"text\/javascript\" data-category=\"functional\" id=\"oum-inline-js\">\n      var map_el = `map-20210929`;\n\n      if(document.getElementById(map_el)) {\n\n        var mapStyle = `OpenStreetMap.Mapnik`;\n        var marker_icon_url = `https:\/\/www.talkbiblical.com\/wp-content\/plugins\/open-user-map\/src\/leaflet\/images\/marker-icon_custom2-2x.png`;\n        var marker_shadow_url = `https:\/\/www.talkbiblical.com\/wp-content\/plugins\/open-user-map\/src\/leaflet\/images\/marker-shadow.png`;\n        var oum_enable_scrollwheel_zoom_map = false;\n        var oum_enable_cluster = true;\n        var oum_enable_fullscreen = true;\n\n        var oum_enable_searchbar = true;\n        var oum_searchbar_type = `address`;\n\n        var oum_geosearch_selected_provider = ``; \n        var oum_geosearch_provider = `osm`;\n        var oum_geosearch_provider_geoapify_key = ``;\n        var oum_geosearch_provider_here_key = ``;\n        \n        var oum_enable_searchaddress_button = true;\n        var oum_searchaddress_label = `Enter address`;\n\n        var oum_enable_searchmarkers_button = true;\n        var oum_searchmarkers_label = `Find marker`;\n        var oum_searchmarkers_zoom = `8`;\n\n        var oum_enable_currentlocation = false;\n        var oum_collapse_filter = false;\n        var oum_action_after_submit = `text`;\n        var thankyou_redirect = ``;\n        var start_lat = `0`;\n        var start_lng = `0`;\n        var start_zoom = `1`;\n        var oum_enable_fixed_map_bounds = ``;\n        var oum_minimum_zoom_level = ``;\n        var oum_use_settings_start_location = false;\n        var oum_has_regions = false;\n\n        var oum_location = {};\n        var locations_without_type = [];\n        var locations_by_type = [];\n        var oum_custom_css = '';\n        var oum_custom_script = '';\n        var oumMap;\n\n        var oumPrepareLocations = (location) => {\n          \/\/console.log(location, 'location');\n          if(location.type) {\n            \/\/ add new marker category to array if not exists\n            if(!locations_by_type.find(markercategory => markercategory.id === location.type)) {\n              let newmarkercategory = {\n                id: location.type,\n                name: location.type_name,\n                icon: location.icon,\n                locations : []\n              }\n              locations_by_type.push(newmarkercategory);\n            }\n\n            \/\/ add location to marker category\n            let markercategory = locations_by_type.find(markercategory => markercategory.id === location.type);\n            markercategory.locations.push(location);\n\n          }else{\n            locations_without_type.push(location);\n          }\n        };\n\n        var oumConditionalField = (sourceField, targetField, condShow, condHide) => {\n          const sourceElement = document.querySelector(sourceField);\n          const targetElement = document.querySelector(targetField).parentElement; \/* works with custom fields only *\/\n\n          \/* trigger on change *\/\n          sourceElement.onchange = function(e) {\n            const val = this.value;\n            \n            console.log('OUM: run condition', {val, sourceField, targetField, condShow, condHide});\n            \n            if(condShow.includes(val)) {\n              targetElement.style.display = 'block';\n            }else if(condHide.includes(this.value)) {\n              targetElement.style.display = 'none';\n            }\n          }\n\n          \/* trigger initially *\/\n          let changeEvent = new Event('change');\n          sourceElement.dispatchEvent(changeEvent);\n        };\n\n        \/* Transfer PHP array to JS array *\/\n        var oum_all_locations = [{\"title\":\"Looking for truly god obedient people\",\"lat\":\"50.143278524798\",\"lng\":\"7.1681848168373\",\"content\":\"<div class=\\\"oum_location_text\\\"><div class=\\\"oum_location_date\\\">September 5, 2023<\\\/div><h3 class=\\\"oum_location_name\\\">Looking for truly god obedient people<\\\/h3><div class=\\\"oum_location_custom_fields\\\"><div class=\\\"oum_custom_field\\\"><strong>Registrant:<\\\/strong> Philomina Lauterbach<\\\/div><\\\/div><div class=\\\"oum_location_description\\\">I am happy to find new Bible observant and truly God obedient people who walk in the spirt. Leave a Message to Jason Lauterbach if you interested in fellowship.<\\\/div><\\\/div>\",\"icon\":\"https:\\\/\\\/www.talkbiblical.com\\\/wp-content\\\/plugins\\\/open-user-map\\\/src\\\/leaflet\\\/images\\\/marker-icon_custom2-2x.png\",\"type\":\"\",\"type_name\":\"\",\"post_id\":\"234\"},{\"title\":\"Stay Biblical House Group\",\"lat\":\"36.030312172779\",\"lng\":\"14.25301194191\",\"content\":\"<div class=\\\"oum_location_text\\\"><div class=\\\"oum_location_date\\\">September 5, 2023<\\\/div><h3 class=\\\"oum_location_name\\\">Stay Biblical House Group<\\\/h3><div class=\\\"oum_location_custom_fields\\\"><div class=\\\"oum_custom_field\\\"><strong>Registrant:<\\\/strong> Macgyver<\\\/div><\\\/div><div class=\\\"oum_location_description\\\">A bible study group in line with the teachings of www.staybiblical.com.<br>In order to join send me a private message and you will be welcome to join us on saturday afternoons.<\\\/div><\\\/div>\",\"icon\":\"https:\\\/\\\/www.talkbiblical.com\\\/wp-content\\\/plugins\\\/open-user-map\\\/src\\\/leaflet\\\/images\\\/marker-icon_custom2-2x.png\",\"type\":\"\",\"type_name\":\"\",\"post_id\":\"213\"}];\n\n        \/* Group Locations by marker categories (if exist) for further processing *\/\n        oum_all_locations.forEach(oumPrepareLocations);\n\n\n        \/**\n         * Add Custom Styles\n         *\/\n        \n        \n          \/* custom color *\/\n          oum_custom_css += `\n            .open-user-map .add-location #close-add-location-overlay:hover {color: #e02aaf !important}\n            .open-user-map input.oum-switch[type=\"checkbox\"]:checked + label::before {background-color: #e02aaf !important}\n            .open-user-map .add-location .location-overlay-content #oum_add_location_thankyou h3 {color: #e02aaf !important}\n            .open-user-map .oum_location_text a {color: #e02aaf !important}\n            .open-user-map .oum-tabs {border-color: #e02aaf !important}\n            .open-user-map .oum-tabs .nav-item:hover {color: #e02aaf !important; border-color: #e02aaf !important}\n            .open-user-map .oum-tabs .nav-item.active {color: #e02aaf !important; border-color: #e02aaf !important}\n            .open-user-map .box-wrap .map-wrap .oum-attribution a {color: #e02aaf !important;}`;\n\n        \n        \n        \n        var custom_style = document.createElement('style');\n\n        if (custom_style.styleSheet) {\n          custom_style.styleSheet.cssText = oum_custom_css;\n        } else {\n          custom_style.appendChild(document.createTextNode(oum_custom_css));\n        }\n\n        document.getElementsByTagName('head')[0].appendChild(custom_style);\n\n\n        \/**\n         * Add Custom JS\n         *\/\n\n        \n      }\n    <\/script>\n\n  <\/div>\n\n  <\/div>\n<\/div>\n\n\n\n<div style=\"height:40px\" aria-hidden=\"true\" class=\"wp-block-spacer\"><\/div>\n\n\n\n<h2 class=\"wp-block-heading\">Community Karte<\/h2>\n\n\n\n<h3 class=\"wp-block-heading\">Gr\u00fcnde Kirchen, Bibelstudiengruppen und schlie\u00dfe Freundschaften<\/h3>\n\n\n\n<p>Willkommen auf unserer Community-Karte! Es wurde mit dem Ziel gegr\u00fcndet, wahre Nachfolger Christi zusammenzubringen, indem neue Gemeinschaftskirchen gegr\u00fcndet werden oder einfach andere Mitglieder in Ihrer N\u00e4he getroffen werden. Jedes Mitglied des Netzwerks kann seinen Standort, seine Kirche oder seine Bibelstudiengruppe hinzuf\u00fcgen, indem es einfach nach dem Standort sucht und eine Markierung mit einer Beschreibung hinzuf\u00fcgt.<\/p>\n\n\n\n<p>Allerdings sollte jede Markierung unter Ber\u00fccksichtigung der Grundlagen und Gemeinschaftsregeln gesetzt werden, auf denen Talk Biblical gegr\u00fcndet wurde. Talk Biblical beh\u00e4lt sich das Recht vor, Markierungen zu l\u00f6schen, die nicht im Einklang mit den biblischen Grunds\u00e4tzen stehen.<\/p>","protected":false},"excerpt":{"rendered":"<p>Community Map Establish Churches, Bible Study Groups and Friendships Welcome to our community map! It was created for the purpose of bringing true Followers of Christ together by establishing new community churches or simply meeting other members near you. Every member of the network can add his location, church or Bible study group by simply [&hellip;]<\/p>","protected":false},"author":1,"featured_media":0,"parent":0,"menu_order":0,"comment_status":"closed","ping_status":"closed","template":"","meta":{"footnotes":""},"class_list":["post-203","page","type-page","status-publish","hentry"],"yoast_head":"<!-- This site is optimized with the Yoast SEO Premium plugin v21.1 (Yoast SEO v21.1) - https:\/\/yoast.com\/wordpress\/plugins\/seo\/ -->\n<title>Community Map | Talk Biblical<\/title>\n<meta name=\"description\" content=\"Welcome to our community map! It was created for the purpose of bringing true Followers of Christ together by establishing new community churches.\" \/>\n<meta name=\"robots\" content=\"noindex, follow, max-snippet:-1, max-image-preview:large, max-video-preview:-1\" \/>\n<meta property=\"og:locale\" content=\"de_DE\" \/>\n<meta property=\"og:type\" content=\"article\" \/>\n<meta property=\"og:title\" content=\"Community Map\" \/>\n<meta property=\"og:description\" content=\"Welcome to our community map! It was created for the purpose of bringing true Followers of Christ together by establishing new community churches.\" \/>\n<meta property=\"og:url\" content=\"https:\/\/www.talkbiblical.com\/de\/community-map\/\" \/>\n<meta property=\"og:site_name\" content=\"Talk Biblical\" \/>\n<meta property=\"article:modified_time\" content=\"2023-09-07T09:35:47+00:00\" \/>\n<meta property=\"og:image\" content=\"https:\/\/www.talkbiblical.com\/wp-content\/uploads\/2023\/09\/Talk-Biblical-Image-7.jpg\" \/>\n\t<meta property=\"og:image:width\" content=\"1280\" \/>\n\t<meta property=\"og:image:height\" content=\"720\" \/>\n\t<meta property=\"og:image:type\" content=\"image\/jpeg\" \/>\n<meta name=\"twitter:card\" content=\"summary_large_image\" \/>\n<meta name=\"twitter:label1\" content=\"Gesch\u00e4tzte Lesezeit\" \/>\n\t<meta name=\"twitter:data1\" content=\"1\u00a0Minute\" \/>\n<script type=\"application\/ld+json\" class=\"yoast-schema-graph\">{\"@context\":\"https:\/\/schema.org\",\"@graph\":[{\"@type\":\"WebPage\",\"@id\":\"https:\/\/www.talkbiblical.com\/community-map\/\",\"url\":\"https:\/\/www.talkbiblical.com\/community-map\/\",\"name\":\"Community Map | Talk Biblical\",\"isPartOf\":{\"@id\":\"https:\/\/www.talkbiblical.com\/#website\"},\"datePublished\":\"2023-09-05T15:18:31+00:00\",\"dateModified\":\"2023-09-07T09:35:47+00:00\",\"description\":\"Welcome to our community map! It was created for the purpose of bringing true Followers of Christ together by establishing new community churches.\",\"breadcrumb\":{\"@id\":\"https:\/\/www.talkbiblical.com\/community-map\/#breadcrumb\"},\"inLanguage\":\"de\",\"potentialAction\":[{\"@type\":\"ReadAction\",\"target\":[\"https:\/\/www.talkbiblical.com\/community-map\/\"]}]},{\"@type\":\"BreadcrumbList\",\"@id\":\"https:\/\/www.talkbiblical.com\/community-map\/#breadcrumb\",\"itemListElement\":[{\"@type\":\"ListItem\",\"position\":1,\"name\":\"Home\",\"item\":\"https:\/\/www.talkbiblical.com\/\"},{\"@type\":\"ListItem\",\"position\":2,\"name\":\"Community Map\"}]},{\"@type\":\"WebSite\",\"@id\":\"https:\/\/www.talkbiblical.com\/#website\",\"url\":\"https:\/\/www.talkbiblical.com\/\",\"name\":\"Talk Biblica l- The Network for True Followers\",\"description\":\"The Network for true Followers\",\"publisher\":{\"@id\":\"https:\/\/www.talkbiblical.com\/#organization\"},\"potentialAction\":[{\"@type\":\"SearchAction\",\"target\":{\"@type\":\"EntryPoint\",\"urlTemplate\":\"https:\/\/www.talkbiblical.com\/?s={search_term_string}\"},\"query-input\":\"required name=search_term_string\"}],\"inLanguage\":\"de\"},{\"@type\":\"Organization\",\"@id\":\"https:\/\/www.talkbiblical.com\/#organization\",\"name\":\"Talk Biblica l- The Network for True Followers\",\"url\":\"https:\/\/www.talkbiblical.com\/\",\"logo\":{\"@type\":\"ImageObject\",\"inLanguage\":\"de\",\"@id\":\"https:\/\/www.talkbiblical.com\/#\/schema\/logo\/image\/\",\"url\":\"https:\/\/www.talkbiblical.com\/wp-content\/uploads\/2023\/09\/Talk-Biblical-Image-7.jpg\",\"contentUrl\":\"https:\/\/www.talkbiblical.com\/wp-content\/uploads\/2023\/09\/Talk-Biblical-Image-7.jpg\",\"width\":1280,\"height\":720,\"caption\":\"Talk Biblica l- The Network for True Followers\"},\"image\":{\"@id\":\"https:\/\/www.talkbiblical.com\/#\/schema\/logo\/image\/\"}}]}<\/script>\n<!-- \/ Yoast SEO Premium plugin. -->","yoast_head_json":{"title":"Community Map | Talk Biblical","description":"Welcome to our community map! It was created for the purpose of bringing true Followers of Christ together by establishing new community churches.","robots":{"index":"noindex","follow":"follow","max-snippet":"max-snippet:-1","max-image-preview":"max-image-preview:large","max-video-preview":"max-video-preview:-1"},"og_locale":"de_DE","og_type":"article","og_title":"Community Map","og_description":"Welcome to our community map! It was created for the purpose of bringing true Followers of Christ together by establishing new community churches.","og_url":"https:\/\/www.talkbiblical.com\/de\/community-map\/","og_site_name":"Talk Biblical","article_modified_time":"2023-09-07T09:35:47+00:00","og_image":[{"width":1280,"height":720,"url":"https:\/\/www.talkbiblical.com\/wp-content\/uploads\/2023\/09\/Talk-Biblical-Image-7.jpg","type":"image\/jpeg"}],"twitter_card":"summary_large_image","twitter_misc":{"Gesch\u00e4tzte Lesezeit":"1\u00a0Minute"},"schema":{"@context":"https:\/\/schema.org","@graph":[{"@type":"WebPage","@id":"https:\/\/www.talkbiblical.com\/community-map\/","url":"https:\/\/www.talkbiblical.com\/community-map\/","name":"Community Map | Talk Biblical","isPartOf":{"@id":"https:\/\/www.talkbiblical.com\/#website"},"datePublished":"2023-09-05T15:18:31+00:00","dateModified":"2023-09-07T09:35:47+00:00","description":"Welcome to our community map! It was created for the purpose of bringing true Followers of Christ together by establishing new community churches.","breadcrumb":{"@id":"https:\/\/www.talkbiblical.com\/community-map\/#breadcrumb"},"inLanguage":"de","potentialAction":[{"@type":"ReadAction","target":["https:\/\/www.talkbiblical.com\/community-map\/"]}]},{"@type":"BreadcrumbList","@id":"https:\/\/www.talkbiblical.com\/community-map\/#breadcrumb","itemListElement":[{"@type":"ListItem","position":1,"name":"Home","item":"https:\/\/www.talkbiblical.com\/"},{"@type":"ListItem","position":2,"name":"Community Map"}]},{"@type":"WebSite","@id":"https:\/\/www.talkbiblical.com\/#website","url":"https:\/\/www.talkbiblical.com\/","name":"Talk Biblica l- The Network for True Followers","description":"The Network for true Followers","publisher":{"@id":"https:\/\/www.talkbiblical.com\/#organization"},"potentialAction":[{"@type":"SearchAction","target":{"@type":"EntryPoint","urlTemplate":"https:\/\/www.talkbiblical.com\/?s={search_term_string}"},"query-input":"required name=search_term_string"}],"inLanguage":"de"},{"@type":"Organization","@id":"https:\/\/www.talkbiblical.com\/#organization","name":"Talk Biblica l- The Network for True Followers","url":"https:\/\/www.talkbiblical.com\/","logo":{"@type":"ImageObject","inLanguage":"de","@id":"https:\/\/www.talkbiblical.com\/#\/schema\/logo\/image\/","url":"https:\/\/www.talkbiblical.com\/wp-content\/uploads\/2023\/09\/Talk-Biblical-Image-7.jpg","contentUrl":"https:\/\/www.talkbiblical.com\/wp-content\/uploads\/2023\/09\/Talk-Biblical-Image-7.jpg","width":1280,"height":720,"caption":"Talk Biblica l- The Network for True Followers"},"image":{"@id":"https:\/\/www.talkbiblical.com\/#\/schema\/logo\/image\/"}}]}},"_links":{"self":[{"href":"https:\/\/www.talkbiblical.com\/de\/wp-json\/wp\/v2\/pages\/203","targetHints":{"allow":["GET"]}}],"collection":[{"href":"https:\/\/www.talkbiblical.com\/de\/wp-json\/wp\/v2\/pages"}],"about":[{"href":"https:\/\/www.talkbiblical.com\/de\/wp-json\/wp\/v2\/types\/page"}],"author":[{"embeddable":true,"href":"https:\/\/www.talkbiblical.com\/de\/wp-json\/wp\/v2\/users\/1"}],"replies":[{"embeddable":true,"href":"https:\/\/www.talkbiblical.com\/de\/wp-json\/wp\/v2\/comments?post=203"}],"version-history":[{"count":6,"href":"https:\/\/www.talkbiblical.com\/de\/wp-json\/wp\/v2\/pages\/203\/revisions"}],"predecessor-version":[{"id":211,"href":"https:\/\/www.talkbiblical.com\/de\/wp-json\/wp\/v2\/pages\/203\/revisions\/211"}],"wp:attachment":[{"href":"https:\/\/www.talkbiblical.com\/de\/wp-json\/wp\/v2\/media?parent=203"}],"curies":[{"name":"wp","href":"https:\/\/api.w.org\/{rel}","templated":true}]}}