{"id":107,"date":"2023-09-04T15:38:21","date_gmt":"2023-09-04T15:38:21","guid":{"rendered":"https:\/\/www.talkbiblical.com\/?page_id=107"},"modified":"2023-09-07T09:46:13","modified_gmt":"2023-09-07T09:46:13","slug":"rules","status":"publish","type":"page","link":"https:\/\/www.talkbiblical.com\/de\/rules\/","title":{"rendered":"Regeln"},"content":{"rendered":"<h2 class=\"wp-block-heading\"><strong>Talk Biblical Regeln<\/strong><\/h2>\n\n\n\n<p>Dieses Netzwerk richtet sich an gl\u00e4ubige Menschen, die die Bibel, das Wort Gottes, als Leitfaden f\u00fcr ihr Leben betrachten. Dazu geh\u00f6ren Menschen, die ehrlich auf der Suche nach der Wahrheit sind, wie sie in der Bibel geschrieben steht.<\/p>\n\n\n\n<div style=\"height:40px\" aria-hidden=\"true\" class=\"wp-block-spacer\"><\/div>\n\n\n\n<h3 class=\"wp-block-heading\"><strong>Umgang innerhalb des Netzwerks<\/strong><\/h3>\n\n\n\n<p>Bei Talk Biblical gelten die Grunds\u00e4tze der Bibel, des Wortes Gottes. Daher wird von allen Mitgliedern erwartet, dass sie sich entsprechend verhalten. Als Grundlage gelten die Zehn Gebote und die N\u00e4chstenliebe.<\/p>\n\n\n\n<p class=\"has-text-color\" style=\"color:#1d7c00\"><a><\/a><em>Meister, welches ist das gr\u00f6\u00dfte Gebot im Gesetz? Jesus sprach zu ihm: Du sollst den Herrn, deinen Gott, lieben mit deinem ganzen Herzen, mit deiner ganzen Seele und mit deinem ganzen Verstand. Dies ist das erste und gr\u00f6\u00dfte Gebot. Und das Das zweite ist \u00e4hnlich: Du sollst deinen N\u00e4chsten lieben wie dich selbst. An diesen beiden Geboten h\u00e4ngen das ganze Gesetz und die Propheten. (Matth\u00e4us 22:36-40)<\/em><\/p>\n\n\n\n<p>Diese Liebe zum N\u00e4chsten dr\u00fcckt sich nicht nur in Likes und L\u00e4cheln aus, sondern, was noch wichtiger ist, im respektvollen und gewissenhaften Umgang miteinander. Beleidigungen und Schimpfw\u00f6rter sind verboten. Jeder sollte andere so behandeln, wie er selbst behandelt werden m\u00f6chte.<\/p>\n\n\n\n<p class=\"has-text-color\" style=\"color:#1d7c00\"><em>Darum tut ihr alles, was ihr wollt, dass die Menschen euch tun, ihnen auch; denn das ist das Gesetz und die Propheten. (Matth\u00e4us 7:12)<\/em><\/p>\n\n\n\n<div style=\"height:40px\" aria-hidden=\"true\" class=\"wp-block-spacer\"><\/div>\n\n\n\n<h3 class=\"wp-block-heading\"><strong>Erbauung und Ermahnung<\/strong><\/h3>\n\n\n\n<p>Es ist jedoch zul\u00e4ssig, sich gegenseitig zu korrigieren und zu belehren. Tats\u00e4chlich wird es laut Bibel sogar erwartet. Wenn Sie sehen, dass jemand vom richtigen Weg abweicht, sollten Sie versuchen, ihn auf den Weg der Wahrheit zur\u00fcckzuf\u00fchren, damit er nicht verloren geht. Sie sollten sich jedoch immer fragen, ob Sie es richtig machen.<\/p>\n\n\n\n<p class=\"has-text-color\" style=\"color:#1d7c00\"><em>Thou shalt not hate thy brother in thine heart: thou shalt in any wise rebuke thy neighbour, and not suffer sin upon him. (Leviticus 19:17)<\/em><\/p>\n\n\n\n<p class=\"has-text-color\" style=\"color:#1d7c00\"><a><\/a><em>When I say unto the wicked, O wicked man, thou shalt surely die; if thou dost not speak to warn the wicked from his way, that wicked man shall die in his iniquity; but his blood will I require at thine hand.Nevertheless, if thou warn the wicked of his way to turn from it; if he do not turn from his way, he shall die in his iniquity; but thou hast delivered thy soul. (Ezekiel 33:8-9)<\/em><\/p>\n\n\n\n<p class=\"has-text-color\" style=\"color:#1d7c00\"><em>Now then we are ambassadors for Christ, as though God did beseech you by us: we pray you in Christ&#8217;s stead, be ye reconciled to God. (2 Corinthians 5:20)<\/em><\/p>\n\n\n\n<p class=\"has-text-color\" style=\"color:#1d7c00\"><em>Wherefore comfort yourselves together, and edify one another, even as also ye do. (1 Thessalonians 5:11)<\/em><\/p>\n\n\n\n<div style=\"height:40px\" aria-hidden=\"true\" class=\"wp-block-spacer\"><\/div>\n\n\n\n<h3 class=\"wp-block-heading\"><strong>Die Bibel als Grundlage f\u00fcr Zurechtweisung<\/strong><\/h3>\n\n\n\n<p>Ermahnungen sollten sich immer auf die Bibel st\u00fctzen, denn sie ist das Wort Gottes und die Wahrheit. Bedenken Sie, dass triviale Diskussionen, die auf pers\u00f6nlichen Meinungen und erfundenen Lehren basieren, im Allgemeinen fruchtlos sind und niemandem helfen.<\/p>\n\n\n\n<p class=\"has-text-color\" style=\"color:#1d7c00\"><em>Ye shall not add unto the word which I command you, neither shall ye diminish ought from it, that ye may keep the commandments of the Lord your God which I command you. (Deuteronomy 4:2)<\/em><\/p>\n\n\n\n<div style=\"height:40px\" aria-hidden=\"true\" class=\"wp-block-spacer\"><\/div>\n\n\n\n<h3 class=\"wp-block-heading\"><strong>Keine Beitr\u00e4ge mit unzul\u00e4ssigen Bildern<\/strong><\/h3>\n\n\n\n<p>Dar\u00fcber hinaus sollten alle Mitglieder vorsichtig mit den Bildern sein, die sie auf Talk Biblical ver\u00f6ffentlichen. Halbnackte und provokante Bilder sind nicht erlaubt, weder von Ihnen selbst noch von anderen Personen. Laut der Bibel sollten wir niemanden in Versuchung f\u00fchren.<\/p>\n\n\n\n<p class=\"has-text-color\" style=\"color:#1d7c00\"><em>Woe unto the world because of offences! for it must needs be that offences come; but woe to that man by whom the offence cometh! (Matthew 18:7)<\/em><\/p>\n\n\n\n<p class=\"has-text-color\" style=\"color:#1d7c00\"><em>It is good neither to eat flesh, nor to drink wine, nor any thing whereby thy brother stumbleth, or is offended, or is made weak. (Romans 14:21)<\/em><\/p>\n\n\n\n<p class=\"has-text-color\" style=\"color:#1d7c00\"><a><\/a><em>In like manner also, that women adorn themselves in modest apparel, with shamefacedness and sobriety; not with broided hair, or gold, or pearls, or costly array;But (which becometh women professing godliness) with good works. (1 Timothy 2:9-10)<\/em><\/p>","protected":false},"excerpt":{"rendered":"<p>Rules at Talk Biblical This network is intended for devout people who consider the Bible, the Word of God, as guideline for their life. This includes people who are honestly in search of the truth as it is written in the Bible. Interactions with Each Other At Talk Biblical, the principles of the Bible, the [&hellip;]<\/p>","protected":false},"author":1,"featured_media":0,"parent":0,"menu_order":0,"comment_status":"closed","ping_status":"closed","template":"","meta":{"footnotes":""},"class_list":["post-107","page","type-page","status-publish","hentry"],"yoast_head":"<!-- This site is optimized with the Yoast SEO Premium plugin v21.1 (Yoast SEO v21.1) - https:\/\/yoast.com\/wordpress\/plugins\/seo\/ -->\n<title>Rules | Talk Biblical<\/title>\n<meta name=\"description\" content=\"The rules of Talk Biblical are grounded on the Bible, the word of God. It is expected that the members behave accordingly.\" \/>\n<meta name=\"robots\" content=\"noindex, follow, max-snippet:-1, max-image-preview:large, max-video-preview:-1\" \/>\n<meta property=\"og:locale\" content=\"de_DE\" \/>\n<meta property=\"og:type\" content=\"article\" \/>\n<meta property=\"og:title\" content=\"Rules\" \/>\n<meta property=\"og:description\" content=\"The rules of Talk Biblical are grounded on the Bible, the word of God. It is expected that the members behave accordingly.\" \/>\n<meta property=\"og:url\" content=\"https:\/\/www.talkbiblical.com\/de\/rules\/\" \/>\n<meta property=\"og:site_name\" content=\"Talk Biblical\" \/>\n<meta property=\"article:modified_time\" content=\"2023-09-07T09:46:13+00:00\" \/>\n<meta property=\"og:image\" content=\"https:\/\/www.talkbiblical.com\/wp-content\/uploads\/2023\/09\/Talk-Biblical-Image-7.jpg\" \/>\n\t<meta property=\"og:image:width\" content=\"1280\" \/>\n\t<meta property=\"og:image:height\" content=\"720\" \/>\n\t<meta property=\"og:image:type\" content=\"image\/jpeg\" \/>\n<meta name=\"twitter:card\" content=\"summary_large_image\" \/>\n<meta name=\"twitter:label1\" content=\"Gesch\u00e4tzte Lesezeit\" \/>\n\t<meta name=\"twitter:data1\" content=\"3\u00a0Minuten\" \/>\n<script type=\"application\/ld+json\" class=\"yoast-schema-graph\">{\"@context\":\"https:\/\/schema.org\",\"@graph\":[{\"@type\":\"WebPage\",\"@id\":\"https:\/\/www.talkbiblical.com\/rules\/\",\"url\":\"https:\/\/www.talkbiblical.com\/rules\/\",\"name\":\"Rules | Talk Biblical\",\"isPartOf\":{\"@id\":\"https:\/\/www.talkbiblical.com\/#website\"},\"datePublished\":\"2023-09-04T15:38:21+00:00\",\"dateModified\":\"2023-09-07T09:46:13+00:00\",\"description\":\"The rules of Talk Biblical are grounded on the Bible, the word of God. It is expected that the members behave accordingly.\",\"breadcrumb\":{\"@id\":\"https:\/\/www.talkbiblical.com\/rules\/#breadcrumb\"},\"inLanguage\":\"de\",\"potentialAction\":[{\"@type\":\"ReadAction\",\"target\":[\"https:\/\/www.talkbiblical.com\/rules\/\"]}]},{\"@type\":\"BreadcrumbList\",\"@id\":\"https:\/\/www.talkbiblical.com\/rules\/#breadcrumb\",\"itemListElement\":[{\"@type\":\"ListItem\",\"position\":1,\"name\":\"Home\",\"item\":\"https:\/\/www.talkbiblical.com\/\"},{\"@type\":\"ListItem\",\"position\":2,\"name\":\"Rules\"}]},{\"@type\":\"WebSite\",\"@id\":\"https:\/\/www.talkbiblical.com\/#website\",\"url\":\"https:\/\/www.talkbiblical.com\/\",\"name\":\"Talk Biblica l- The Network for True Followers\",\"description\":\"The Network for true Followers\",\"publisher\":{\"@id\":\"https:\/\/www.talkbiblical.com\/#organization\"},\"potentialAction\":[{\"@type\":\"SearchAction\",\"target\":{\"@type\":\"EntryPoint\",\"urlTemplate\":\"https:\/\/www.talkbiblical.com\/?s={search_term_string}\"},\"query-input\":\"required name=search_term_string\"}],\"inLanguage\":\"de\"},{\"@type\":\"Organization\",\"@id\":\"https:\/\/www.talkbiblical.com\/#organization\",\"name\":\"Talk Biblica l- The Network for True Followers\",\"url\":\"https:\/\/www.talkbiblical.com\/\",\"logo\":{\"@type\":\"ImageObject\",\"inLanguage\":\"de\",\"@id\":\"https:\/\/www.talkbiblical.com\/#\/schema\/logo\/image\/\",\"url\":\"https:\/\/www.talkbiblical.com\/wp-content\/uploads\/2023\/09\/Talk-Biblical-Image-7.jpg\",\"contentUrl\":\"https:\/\/www.talkbiblical.com\/wp-content\/uploads\/2023\/09\/Talk-Biblical-Image-7.jpg\",\"width\":1280,\"height\":720,\"caption\":\"Talk Biblica l- The Network for True Followers\"},\"image\":{\"@id\":\"https:\/\/www.talkbiblical.com\/#\/schema\/logo\/image\/\"}}]}<\/script>\n<!-- \/ Yoast SEO Premium plugin. -->","yoast_head_json":{"title":"Rules | Talk Biblical","description":"The rules of Talk Biblical are grounded on the Bible, the word of God. It is expected that the members behave accordingly.","robots":{"index":"noindex","follow":"follow","max-snippet":"max-snippet:-1","max-image-preview":"max-image-preview:large","max-video-preview":"max-video-preview:-1"},"og_locale":"de_DE","og_type":"article","og_title":"Rules","og_description":"The rules of Talk Biblical are grounded on the Bible, the word of God. It is expected that the members behave accordingly.","og_url":"https:\/\/www.talkbiblical.com\/de\/rules\/","og_site_name":"Talk Biblical","article_modified_time":"2023-09-07T09:46:13+00:00","og_image":[{"width":1280,"height":720,"url":"https:\/\/www.talkbiblical.com\/wp-content\/uploads\/2023\/09\/Talk-Biblical-Image-7.jpg","type":"image\/jpeg"}],"twitter_card":"summary_large_image","twitter_misc":{"Gesch\u00e4tzte Lesezeit":"3\u00a0Minuten"},"schema":{"@context":"https:\/\/schema.org","@graph":[{"@type":"WebPage","@id":"https:\/\/www.talkbiblical.com\/rules\/","url":"https:\/\/www.talkbiblical.com\/rules\/","name":"Rules | Talk Biblical","isPartOf":{"@id":"https:\/\/www.talkbiblical.com\/#website"},"datePublished":"2023-09-04T15:38:21+00:00","dateModified":"2023-09-07T09:46:13+00:00","description":"The rules of Talk Biblical are grounded on the Bible, the word of God. It is expected that the members behave accordingly.","breadcrumb":{"@id":"https:\/\/www.talkbiblical.com\/rules\/#breadcrumb"},"inLanguage":"de","potentialAction":[{"@type":"ReadAction","target":["https:\/\/www.talkbiblical.com\/rules\/"]}]},{"@type":"BreadcrumbList","@id":"https:\/\/www.talkbiblical.com\/rules\/#breadcrumb","itemListElement":[{"@type":"ListItem","position":1,"name":"Home","item":"https:\/\/www.talkbiblical.com\/"},{"@type":"ListItem","position":2,"name":"Rules"}]},{"@type":"WebSite","@id":"https:\/\/www.talkbiblical.com\/#website","url":"https:\/\/www.talkbiblical.com\/","name":"Talk Biblica l- The Network for True Followers","description":"The Network for true Followers","publisher":{"@id":"https:\/\/www.talkbiblical.com\/#organization"},"potentialAction":[{"@type":"SearchAction","target":{"@type":"EntryPoint","urlTemplate":"https:\/\/www.talkbiblical.com\/?s={search_term_string}"},"query-input":"required name=search_term_string"}],"inLanguage":"de"},{"@type":"Organization","@id":"https:\/\/www.talkbiblical.com\/#organization","name":"Talk Biblica l- The Network for True Followers","url":"https:\/\/www.talkbiblical.com\/","logo":{"@type":"ImageObject","inLanguage":"de","@id":"https:\/\/www.talkbiblical.com\/#\/schema\/logo\/image\/","url":"https:\/\/www.talkbiblical.com\/wp-content\/uploads\/2023\/09\/Talk-Biblical-Image-7.jpg","contentUrl":"https:\/\/www.talkbiblical.com\/wp-content\/uploads\/2023\/09\/Talk-Biblical-Image-7.jpg","width":1280,"height":720,"caption":"Talk Biblica l- The Network for True Followers"},"image":{"@id":"https:\/\/www.talkbiblical.com\/#\/schema\/logo\/image\/"}}]}},"_links":{"self":[{"href":"https:\/\/www.talkbiblical.com\/de\/wp-json\/wp\/v2\/pages\/107","targetHints":{"allow":["GET"]}}],"collection":[{"href":"https:\/\/www.talkbiblical.com\/de\/wp-json\/wp\/v2\/pages"}],"about":[{"href":"https:\/\/www.talkbiblical.com\/de\/wp-json\/wp\/v2\/types\/page"}],"author":[{"embeddable":true,"href":"https:\/\/www.talkbiblical.com\/de\/wp-json\/wp\/v2\/users\/1"}],"replies":[{"embeddable":true,"href":"https:\/\/www.talkbiblical.com\/de\/wp-json\/wp\/v2\/comments?post=107"}],"version-history":[{"count":8,"href":"https:\/\/www.talkbiblical.com\/de\/wp-json\/wp\/v2\/pages\/107\/revisions"}],"predecessor-version":[{"id":224,"href":"https:\/\/www.talkbiblical.com\/de\/wp-json\/wp\/v2\/pages\/107\/revisions\/224"}],"wp:attachment":[{"href":"https:\/\/www.talkbiblical.com\/de\/wp-json\/wp\/v2\/media?parent=107"}],"curies":[{"name":"wp","href":"https:\/\/api.w.org\/{rel}","templated":true}]}}